{"id":4207,"date":"2019-05-09T11:59:49","date_gmt":"2019-05-09T11:59:49","guid":{"rendered":"https:\/\/www.cieptal.com\/?page_id=4207"},"modified":"2021-02-02T06:53:46","modified_gmt":"2021-02-02T06:53:46","slug":"certifications","status":"publish","type":"page","link":"http:\/\/acs-cis.ru\/en\/certifications\/","title":{"rendered":"Certification"},"content":{"rendered":"<section class=\"wpb-content-wrapper\"><div data-vc-full-width=\"true\" data-vc-full-width-init=\"false\" data-vc-stretch-content=\"true\" class=\"vc_row wpb_row vc_row-fluid vc_custom_1593418385857 vc_row-has-fill\"><div class=\"wpb_column vc_column_container vc_col-sm-6\"><div class=\"vc_column-inner vc_custom_1580480812918\"><div class=\"wpb_wrapper\">\r\n\t<div  class=\"wpb_single_image wpb_content_element vc_align_center\">\r\n\t\t\r\n\t\t<figure class=\"wpb_wrapper vc_figure\">\r\n\t\t\t<div class=\"vc_single_image-wrapper   vc_box_border_grey\"><\/div>\r\n\t\t<\/figure>\r\n\t<\/div>\r\n<\/div><\/div><\/div><div class=\"wpb_column vc_column_container vc_col-sm-6\"><div class=\"vc_column-inner vc_custom_1580480819236\"><div class=\"wpb_wrapper\">\r\n\t<div  class=\"wpb_single_image wpb_content_element vc_align_center\">\r\n\t\t\r\n\t\t<figure class=\"wpb_wrapper vc_figure\">\r\n\t\t\t<div class=\"vc_single_image-wrapper   vc_box_border_grey\"><\/div>\r\n\t\t<\/figure>\r\n\t<\/div>\r\n<\/div><\/div><\/div><\/div><div class=\"vc_row-full-width vc_clearfix\"><\/div><div class=\"vc_row wpb_row vc_row-fluid vc_custom_1601049775208\"><div class=\"wpb_column vc_column_container vc_col-sm-12\"><div class=\"vc_column-inner\"><div class=\"wpb_wrapper\"><div class=\"\">\n\t<div class=\"rt-vc-title rtin-section-title-center\">\n\t\t\t\t\t<h2 class=\"rt-section-title-vc\" style=\"font-size:30px; color:#222222;\">CNA Mauritania est certifi\u00e9 ISO 9001 et OHSAS 18001<\/h2>\n\t\t\t<\/div>\n<\/div>\r\n\t<div  class=\"wpb_single_image wpb_content_element vc_align_center\">\r\n\t\t\r\n\t\t<figure class=\"wpb_wrapper vc_figure\">\r\n\t\t\t<div class=\"vc_single_image-wrapper   vc_box_border_grey\"><\/div>\r\n\t\t<\/figure>\r\n\t<\/div>\r\n<\/div><\/div><\/div><\/div><div class=\"vc_row wpb_row vc_row-fluid vc_custom_1580735613627\"><div class=\"wpb_column vc_column_container vc_col-sm-6\"><div class=\"vc_column-inner vc_custom_1557404085081\"><div class=\"wpb_wrapper\">\r\n\t<div class=\"wpb_text_column wpb_content_element\" >\r\n\t\t<div class=\"wpb_wrapper\">\r\n\t\t\t<h2 style=\"text-align: center;\"><strong>ISO 9001<\/strong><\/h2>\n\r\n\t\t<\/div>\r\n\t<\/div>\r\n\r\n\t<div class=\"wpb_text_column wpb_content_element  vc_custom_1595586622865\" >\r\n\t\t<div class=\"wpb_wrapper\">\r\n\t\t\t<p style=\"text-align: justify;\"><img loading=\"lazy\" decoding=\"async\" class=\"wp-image-4287 alignnone\" src=\"https:\/\/www.cieptal.com\/wp-content\/uploads\/2019\/05\/CIEPTAL-picto-fleche-v3.png\" alt=\"\" width=\"20\" height=\"19\" srcset=\"http:\/\/acs-cis.ru\/wp-content\/uploads\/2019\/05\/CIEPTAL-picto-fleche-v3.png 180w, http:\/\/acs-cis.ru\/wp-content\/uploads\/2019\/05\/CIEPTAL-picto-fleche-v3-150x150.png 150w, http:\/\/acs-cis.ru\/wp-content\/uploads\/2019\/05\/CIEPTAL-picto-fleche-v3-92x92.png 92w\" sizes=\"auto, (max-width: 20px) 100vw, 20px\" \/> La norme ISO 9001,<br \/>\ncette norme d\u00e9finie les crit\u00e8res pour un syst\u00e8me de management de la qualit\u00e9, impliquant notamment une forte orientation client et l\u2019am\u00e9lioration continue des services propos\u00e9s, avec l\u2019engagement et la motivation de la direction.<\/p>\n\r\n\t\t<\/div>\r\n\t<\/div>\r\n<\/div><\/div><\/div><div class=\"wpb_column vc_column_container vc_col-sm-6\"><div class=\"vc_column-inner\"><div class=\"wpb_wrapper\">\r\n\t<div class=\"wpb_text_column wpb_content_element\" >\r\n\t\t<div class=\"wpb_wrapper\">\r\n\t\t\t<h2 style=\"text-align: center;\"><strong>OHSAS 18001<\/strong><\/h2>\n\r\n\t\t<\/div>\r\n\t<\/div>\r\n\r\n\t<div class=\"wpb_text_column wpb_content_element  vc_custom_1562591529718\" >\r\n\t\t<div class=\"wpb_wrapper\">\r\n\t\t\t<p style=\"text-align: justify;\"><img loading=\"lazy\" decoding=\"async\" class=\"alignnone wp-image-4287\" src=\"https:\/\/www.cieptal.com\/wp-content\/uploads\/2019\/05\/CIEPTAL-picto-fleche-v3.png\" alt=\"\" width=\"20\" height=\"19\" srcset=\"http:\/\/acs-cis.ru\/wp-content\/uploads\/2019\/05\/CIEPTAL-picto-fleche-v3.png 180w, http:\/\/acs-cis.ru\/wp-content\/uploads\/2019\/05\/CIEPTAL-picto-fleche-v3-150x150.png 150w, http:\/\/acs-cis.ru\/wp-content\/uploads\/2019\/05\/CIEPTAL-picto-fleche-v3-92x92.png 92w\" sizes=\"auto, (max-width: 20px) 100vw, 20px\" \/>La norme OHSAS 18001,<br \/>\nindique la m\u00e9thode de mise en place d\u2019un management de la sant\u00e9 et de la s\u00e9curit\u00e9 au travail. L\u2019objectif est d\u2019obtenir une meilleure pr\u00e9vention et gestion des risques afin de r\u00e9duire le nombre d\u2019accidents, am\u00e9liorer les performances en mati\u00e8re de sant\u00e9 et s\u00e9curit\u00e9 au travail, et de se conformer \u00e0 la l\u00e9gislation.<\/p>\n\r\n\t\t<\/div>\r\n\t<\/div>\r\n<\/div><\/div><\/div><\/div><div class=\"vc_row wpb_row vc_row-fluid\"><div class=\"wpb_column vc_column_container vc_col-sm-12\"><div class=\"vc_column-inner\"><div class=\"wpb_wrapper\"><div class=\"vc_empty_space\"   style=\"height: 50px\"><span class=\"vc_empty_space_inner\"><\/span><\/div><\/div><\/div><\/div><\/div><div class=\"vc_row wpb_row vc_row-fluid\"><div class=\"wpb_column vc_column_container vc_col-sm-12\"><div class=\"vc_column-inner\"><div class=\"wpb_wrapper\">\r\n\t<div class=\"wpb_text_column wpb_content_element\" >\r\n\t\t<div class=\"wpb_wrapper\">\r\n\t\t\t<h2>D\u00e9couvrez le mot du Directeur G\u00e9n\u00e9ral<\/h2>\n\r\n\t\t<\/div>\r\n\t<\/div>\r\n<\/div><\/div><\/div><\/div><div class=\"vc_row wpb_row vc_row-fluid\"><div class=\"wpb_column vc_column_container vc_col-sm-2\"><div class=\"vc_column-inner\"><div class=\"wpb_wrapper\"><\/div><\/div><\/div><div class=\"wpb_column vc_column_container vc_col-sm-2\"><div class=\"vc_column-inner\"><div class=\"wpb_wrapper\"><div class=\"vc_empty_space\"   style=\"height: 20px\"><span class=\"vc_empty_space_inner\"><\/span><\/div>\r\n\t<div  class=\"wpb_single_image wpb_content_element vc_align_right\">\r\n\t\t\r\n\t\t<figure class=\"wpb_wrapper vc_figure\">\r\n\t\t\t<div class=\"vc_single_image-wrapper vc_box_circle  vc_box_border_grey\"><\/div>\r\n\t\t<\/figure>\r\n\t<\/div>\r\n<\/div><\/div><\/div><div class=\"wpb_column vc_column_container vc_col-sm-6 vc_col-has-fill\"><div class=\"vc_column-inner vc_custom_1556548016059\"><div class=\"wpb_wrapper\">\r\n\t<div class=\"wpb_text_column wpb_content_element\" >\r\n\t\t<div class=\"wpb_wrapper\">\r\n\t\t\t<h3><span style=\"color: #000000;\"><strong>Stanislas Bernart<br \/>\n<\/strong><b><\/b><b><\/b><b>Directeur G\u00e9n\u00e9ral CNA Mauritania<\/b><\/span><\/h3>\n<p style=\"text-align: left;\"><em>CNA Mauritania est fi\u00e8re d\u2019accompagner KINROSS, depuis leur commencement en 2011, sur le site de Tasiast, l\u2019une des plus grandes mines d\u2019or d\u2019Afrique, \u2026<\/em><\/p>\n\r\n\t\t<\/div>\r\n\t<\/div>\r\n<div class=\"vc_btn3-container vc_btn3-inline vc_custom_1579623009403\" ><a onmouseleave=\"this.style.borderColor='#0d496f'; this.style.backgroundColor='transparent'; this.style.color='#0d496f'\" onmouseenter=\"this.style.borderColor='#0d496f'; this.style.backgroundColor='#0d496f'; this.style.color='#ffffff';\" style=\"border-color:#0d496f; color:#0d496f;\" class=\"vc_general vc_btn3 vc_btn3-size-md vc_btn3-shape-square vc_btn3-style-outline-custom\" href=\"https:\/\/acs-cis.ru\/en\/mot-du-directeur-general\/\" title=\"Mot du Directeur G\u00e9n\u00e9ral\">En savoir plus<\/a><\/div><\/div><\/div><\/div><div class=\"wpb_column vc_column_container vc_col-sm-2\"><div class=\"vc_column-inner\"><div class=\"wpb_wrapper\"><\/div><\/div><\/div><\/div><div class=\"vc_row wpb_row vc_row-fluid\"><div class=\"wpb_column vc_column_container vc_col-sm-12\"><div class=\"vc_column-inner vc_custom_1580377446858\"><div class=\"wpb_wrapper\"><div class=\"\">\n\t<div class=\"rt-vc-title rtin-section-title-left\">\n\t\t\t\t\t<h2 class=\"rt-section-title-vc\" style=\"font-size:30px; color:#222222;\">\u041f\u041e\u0414\u0420\u041e\u0411\u041d\u0415\u0415<\/h2>\n\t\t\t<\/div>\n<\/div><\/div><\/div><\/div><\/div><div class=\"vc_row wpb_row vc_row-fluid vc_custom_1558702009119 vc_column-gap-30\"><div class=\"wpb_column vc_column_container vc_col-sm-4 vc_col-has-fill\"><div class=\"vc_column-inner vc_custom_1594048478577\"><div class=\"wpb_wrapper\">\r\n\t<div class=\"wpb_text_column wpb_content_element\" >\r\n\t\t<div class=\"wpb_wrapper\">\r\n\t\t\t<div class=\"eds-animate\" data-eds-entry-animation=\"zoomIn\" data-eds-entry-delay=\"0\" data-eds-entry-duration=\"1\" data-eds-entry-timing=\"linear\" data-eds-exit-animation=\"\" data-eds-exit-delay=\"\" data-eds-exit-duration=\"\" data-eds-exit-timing=\"\" data-eds-repeat-count=\"1\" data-eds-keep=\"yes\" data-eds-animate-on=\"hover\" data-eds-scroll-offset=\"\">\n<h2 style=\"text-align: center;\"><a href=\"https:\/\/acs-cis.ru\/en\/nos-engagements-qhse\/\"><strong><span style=\"color: #ffffff;\">QHSE<\/span><\/strong><\/a><\/h2>\n<\/div>\n\r\n\t\t<\/div>\r\n\t<\/div>\r\n<\/div><\/div><\/div><div class=\"wpb_column vc_column_container vc_col-sm-4 vc_col-has-fill\"><div class=\"vc_column-inner vc_custom_1594048551788\"><div class=\"wpb_wrapper\">\r\n\t<div class=\"wpb_text_column wpb_content_element\" >\r\n\t\t<div class=\"wpb_wrapper\">\r\n\t\t\t<div class=\"eds-animate\" data-eds-entry-animation=\"zoomIn\" data-eds-entry-delay=\"0\" data-eds-entry-duration=\"1\" data-eds-entry-timing=\"linear\" data-eds-exit-animation=\"\" data-eds-exit-delay=\"\" data-eds-exit-duration=\"\" data-eds-exit-timing=\"\" data-eds-repeat-count=\"1\" data-eds-keep=\"yes\" data-eds-animate-on=\"hover\" data-eds-scroll-offset=\"\">\n<h2 style=\"text-align: center;\"><a href=\"https:\/\/acs-cis.ru\/en\/formation\/\"><strong><span style=\"color: #ffffff;\">\u041f\u043e\u0434\u0433\u043e\u0442\u043e\u0432\u043a\u0430<\/span><\/strong><\/a><\/h2>\n<\/div>\n\r\n\t\t<\/div>\r\n\t<\/div>\r\n<\/div><\/div><\/div><div class=\"wpb_column vc_column_container vc_col-sm-4 vc_col-has-fill\"><div class=\"vc_column-inner vc_custom_1594048577153\"><div class=\"wpb_wrapper\">\r\n\t<div class=\"wpb_text_column wpb_content_element\" >\r\n\t\t<div class=\"wpb_wrapper\">\r\n\t\t\t<div class=\"eds-animate\" data-eds-entry-animation=\"zoomIn\" data-eds-entry-delay=\"0\" data-eds-entry-duration=\"1\" data-eds-entry-timing=\"linear\" data-eds-exit-animation=\"\" data-eds-exit-delay=\"\" data-eds-exit-duration=\"\" data-eds-exit-timing=\"\" data-eds-repeat-count=\"1\" data-eds-keep=\"yes\" data-eds-animate-on=\"hover\" data-eds-scroll-offset=\"\">\n<h2 style=\"text-align: center;\"><span style=\"color: #ffffff;\"><a style=\"color: #ffffff;\" href=\"https:\/\/acs-cis.ru\/en\/ethique\/\"><strong>\u042d\u0442\u0438\u043a\u0430<\/strong><\/a><\/span><\/h2>\n<\/div>\n\r\n\t\t<\/div>\r\n\t<\/div>\r\n<\/div><\/div><\/div><\/div>\n<\/section>","protected":false},"excerpt":{"rendered":"CNA Mauritania est certifi\u00e9 ISO 9001 et OHSAS 18001 ISO 9001 La norme ISO 9001, cette norme d\u00e9finie les crit\u00e8res pour un syst\u00e8me de management de la qualit\u00e9, impliquant notamment une forte orientation client et l\u2019am\u00e9lioration continue des services propos\u00e9s, avec l\u2019engagement et la motivation de la direction. OHSAS 18001 La norme OHSAS 18001, indique [...]","protected":false},"author":2,"featured_media":0,"parent":0,"menu_order":0,"comment_status":"closed","ping_status":"closed","template":"","meta":{"footnotes":""},"class_list":["post-4207","page","type-page","status-publish","hentry"],"yoast_head":"<!-- This site is optimized with the Yoast SEO plugin v27.0 - https:\/\/yoast.com\/product\/yoast-seo-wordpress\/ -->\n<title>\u0421\u0435\u0440\u0442\u0438\u0444\u0438\u043a\u0430\u0446\u0438\u044f \u0443\u0441\u043b\u0443\u0433 - Arctic Catering Services<\/title>\n<meta name=\"robots\" content=\"index, follow, max-snippet:-1, max-image-preview:large, max-video-preview:-1\" \/>\n<link rel=\"canonical\" href=\"http:\/\/acs-cis.ru\/en\/certifications\/\" \/>\n<meta property=\"og:locale\" content=\"en_GB\" \/>\n<meta property=\"og:type\" content=\"article\" \/>\n<meta property=\"og:title\" content=\"\u0421\u0435\u0440\u0442\u0438\u0444\u0438\u043a\u0430\u0446\u0438\u044f \u0443\u0441\u043b\u0443\u0433 - Arctic Catering Services\" \/>\n<meta property=\"og:url\" content=\"http:\/\/acs-cis.ru\/en\/certifications\/\" \/>\n<meta property=\"og:site_name\" content=\"Arctic Catering Services\" \/>\n<meta property=\"article:modified_time\" content=\"2021-02-02T06:53:46+00:00\" \/>\n<meta property=\"og:image\" content=\"https:\/\/www.cieptal.com\/wp-content\/uploads\/2019\/05\/CIEPTAL-picto-fleche-v3.png\" \/>\n<meta name=\"twitter:card\" content=\"summary_large_image\" \/>\n<meta name=\"twitter:label1\" content=\"Estimated reading time\" \/>\n\t<meta name=\"twitter:data1\" content=\"4 minutes\" \/>\n<!-- \/ Yoast SEO plugin. -->","yoast_head_json":{"title":"\u0421\u0435\u0440\u0442\u0438\u0444\u0438\u043a\u0430\u0446\u0438\u044f \u0443\u0441\u043b\u0443\u0433 - Arctic Catering Services","robots":{"index":"index","follow":"follow","max-snippet":"max-snippet:-1","max-image-preview":"max-image-preview:large","max-video-preview":"max-video-preview:-1"},"canonical":"http:\/\/acs-cis.ru\/en\/certifications\/","og_locale":"en_GB","og_type":"article","og_title":"\u0421\u0435\u0440\u0442\u0438\u0444\u0438\u043a\u0430\u0446\u0438\u044f \u0443\u0441\u043b\u0443\u0433 - Arctic Catering Services","og_url":"http:\/\/acs-cis.ru\/en\/certifications\/","og_site_name":"Arctic Catering Services","article_modified_time":"2021-02-02T06:53:46+00:00","og_image":[{"url":"https:\/\/www.cieptal.com\/wp-content\/uploads\/2019\/05\/CIEPTAL-picto-fleche-v3.png","type":"","width":"","height":""}],"twitter_card":"summary_large_image","twitter_misc":{"Estimated reading time":"4 minutes"},"schema":{"@context":"https:\/\/schema.org","@graph":[{"@type":"WebPage","@id":"http:\/\/acs-cis.ru\/certifications\/","url":"http:\/\/acs-cis.ru\/certifications\/","name":"\u0421\u0435\u0440\u0442\u0438\u0444\u0438\u043a\u0430\u0446\u0438\u044f \u0443\u0441\u043b\u0443\u0433 - Arctic Catering Services","isPartOf":{"@id":"http:\/\/acs-cis.ru\/#website"},"primaryImageOfPage":{"@id":"http:\/\/acs-cis.ru\/certifications\/#primaryimage"},"image":{"@id":"http:\/\/acs-cis.ru\/certifications\/#primaryimage"},"thumbnailUrl":"https:\/\/www.cieptal.com\/wp-content\/uploads\/2019\/05\/CIEPTAL-picto-fleche-v3.png","datePublished":"2019-05-09T11:59:49+00:00","dateModified":"2021-02-02T06:53:46+00:00","breadcrumb":{"@id":"http:\/\/acs-cis.ru\/certifications\/#breadcrumb"},"inLanguage":"en-GB","potentialAction":[{"@type":"ReadAction","target":["http:\/\/acs-cis.ru\/certifications\/"]}]},{"@type":"ImageObject","inLanguage":"en-GB","@id":"http:\/\/acs-cis.ru\/certifications\/#primaryimage","url":"https:\/\/www.cieptal.com\/wp-content\/uploads\/2019\/05\/CIEPTAL-picto-fleche-v3.png","contentUrl":"https:\/\/www.cieptal.com\/wp-content\/uploads\/2019\/05\/CIEPTAL-picto-fleche-v3.png"},{"@type":"BreadcrumbList","@id":"http:\/\/acs-cis.ru\/certifications\/#breadcrumb","itemListElement":[{"@type":"ListItem","position":1,"name":"Accueil","item":"http:\/\/acs-cis.ru\/"},{"@type":"ListItem","position":2,"name":"\u0421\u0435\u0440\u0442\u0438\u0444\u0438\u043a\u0430\u0446\u0438\u044f \u0443\u0441\u043b\u0443\u0433"}]},{"@type":"WebSite","@id":"http:\/\/acs-cis.ru\/#website","url":"http:\/\/acs-cis.ru\/","name":"Arctic Catering Services","description":"Integrated Life Support Services","potentialAction":[{"@type":"SearchAction","target":{"@type":"EntryPoint","urlTemplate":"http:\/\/acs-cis.ru\/?s={search_term_string}"},"query-input":{"@type":"PropertyValueSpecification","valueRequired":true,"valueName":"search_term_string"}}],"inLanguage":"en-GB"}]}},"_links":{"self":[{"href":"http:\/\/acs-cis.ru\/en\/wp-json\/wp\/v2\/pages\/4207","targetHints":{"allow":["GET"]}}],"collection":[{"href":"http:\/\/acs-cis.ru\/en\/wp-json\/wp\/v2\/pages"}],"about":[{"href":"http:\/\/acs-cis.ru\/en\/wp-json\/wp\/v2\/types\/page"}],"author":[{"embeddable":true,"href":"http:\/\/acs-cis.ru\/en\/wp-json\/wp\/v2\/users\/2"}],"replies":[{"embeddable":true,"href":"http:\/\/acs-cis.ru\/en\/wp-json\/wp\/v2\/comments?post=4207"}],"version-history":[{"count":100,"href":"http:\/\/acs-cis.ru\/en\/wp-json\/wp\/v2\/pages\/4207\/revisions"}],"predecessor-version":[{"id":7799,"href":"http:\/\/acs-cis.ru\/en\/wp-json\/wp\/v2\/pages\/4207\/revisions\/7799"}],"wp:attachment":[{"href":"http:\/\/acs-cis.ru\/en\/wp-json\/wp\/v2\/media?parent=4207"}],"curies":[{"name":"wp","href":"https:\/\/api.w.org\/{rel}","templated":true}]}}